{"id":1184,"date":"2018-04-24T10:16:51","date_gmt":"2018-04-24T08:16:51","guid":{"rendered":"https:\/\/territorisxlm.com\/front-page\/"},"modified":"2026-04-09T13:05:55","modified_gmt":"2026-04-09T11:05:55","slug":"inicio","status":"publish","type":"page","link":"https:\/\/territorisxlm.com\/es\/","title":{"rendered":"Territoris XLM"},"content":{"rendered":"\n<p>Territoris XLM neix l\u2019any 2013 amb la voluntat de crear una nova plataforma de professionals\/t\u00e8cnics preocupats per les necessitats de les ciutats i els territoris contemporanis, amb l\u2019objectiu d\u2019aportar amb l\u2019experi\u00e8ncia adquirida, les solucions urban\u00edstiques m\u00e9s adequades fonamentades en tres eixos: <strong>comprensi\u00f3 integral dels processos<\/strong>: interdisciplinarietat, adequada lectura i diagnosi;&nbsp;<strong>rigurositat t\u00e8cnica<\/strong>: experi\u00e8ncia i traject\u00f2ria professional de les persones; <strong>comprom\u00eds ambiental i social<\/strong>. Necessitat d\u2019evolucionar i explorar noves l\u00f2giques de diagnosi i intervenci\u00f3.<\/p>\n\n\n\n<p>Territoris XLM \u00e9s una plataforma que integra transversalment professionals de diverses disciplines, adaptant la composici\u00f3 dels equips de treball a cada situaci\u00f3.<\/p>\n","protected":false},"excerpt":{"rendered":"<p>Territoris XLM neix l\u2019any 2013 amb la voluntat de crear una nova plataforma de professionals\/t\u00e8cnics preocupats per les necessitats de les ciutats i els territoris contemporanis, amb l\u2019objectiu d\u2019aportar amb l\u2019experi\u00e8ncia adquirida, les solucions urban\u00edstiques m\u00e9s adequades fonamentades en tres eixos: comprensi\u00f3 integral dels processos: interdisciplinarietat, adequada lectura i diagnosi;&nbsp;rigurositat t\u00e8cnica: experi\u00e8ncia i traject\u00f2ria professional [&hellip;]<\/p>\n","protected":false},"author":4,"featured_media":0,"parent":0,"menu_order":0,"comment_status":"closed","ping_status":"closed","template":"","meta":{"_acf_changed":false,"_monsterinsights_skip_tracking":false,"_monsterinsights_sitenote_active":false,"_monsterinsights_sitenote_note":"","_monsterinsights_sitenote_category":0,"_genesis_hide_title":false,"_genesis_hide_breadcrumbs":false,"_genesis_hide_singular_image":false,"_genesis_hide_footer_widgets":false,"_genesis_custom_body_class":"","_genesis_custom_post_class":"","_genesis_layout":"","footnotes":""},"acf":[],"_links":{"self":[{"href":"https:\/\/territorisxlm.com\/es\/wp-json\/wp\/v2\/pages\/1184"}],"collection":[{"href":"https:\/\/territorisxlm.com\/es\/wp-json\/wp\/v2\/pages"}],"about":[{"href":"https:\/\/territorisxlm.com\/es\/wp-json\/wp\/v2\/types\/page"}],"author":[{"embeddable":true,"href":"https:\/\/territorisxlm.com\/es\/wp-json\/wp\/v2\/users\/4"}],"replies":[{"embeddable":true,"href":"https:\/\/territorisxlm.com\/es\/wp-json\/wp\/v2\/comments?post=1184"}],"version-history":[{"count":2,"href":"https:\/\/territorisxlm.com\/es\/wp-json\/wp\/v2\/pages\/1184\/revisions"}],"predecessor-version":[{"id":2907,"href":"https:\/\/territorisxlm.com\/es\/wp-json\/wp\/v2\/pages\/1184\/revisions\/2907"}],"wp:attachment":[{"href":"https:\/\/territorisxlm.com\/es\/wp-json\/wp\/v2\/media?parent=1184"}],"curies":[{"name":"wp","href":"https:\/\/api.w.org\/{rel}","templated":true}]}}