{"id":1188,"date":"2019-01-29T13:13:30","date_gmt":"2019-01-29T12:13:30","guid":{"rendered":"https:\/\/territorisxlm.com\/concepte\/"},"modified":"2025-10-07T17:22:24","modified_gmt":"2025-10-07T15:22:24","slug":"concepto","status":"publish","type":"page","link":"https:\/\/territorisxlm.com\/es\/concepto\/","title":{"rendered":"Concepto"},"content":{"rendered":"\n<p class=\"lead\">Territoris XLM nace en 2013 con la voluntad de crear una nueva plataforma de profesionales\/t\u00e9cnicos preocupados por las necesidades de las ciudades y los territorios contempor\u00e1neos, con el objetivo de aportar con la experiencia adquirida, las soluciones urban\u00edsticas m\u00e1s adecuadas fundamentadas en tres ejes:<\/p>\n\n\n\n<ol>\n<li><strong>Comprensi\u00f3n integral de los procesos<\/strong>: interdisciplinariedad, adecuada lectura y diagn\u00f3stico.<\/li>\n\n\n\n<li><strong>Rigurosidad t\u00e9cnica<\/strong>: experiencia y trayectoria profesional de las personas.<\/li>\n\n\n\n<li><strong>Compromiso ambiental y social<\/strong>: necesidad de evolucionar y explorar nuevas l\u00f3gicas de diagn\u00f3stico e intervenci\u00f3n.<\/li>\n<\/ol>\n\n\n\n<p><strong>Territoris XLM<\/strong> es una plataforma que integra transversalmente <a href=\"https:\/\/territorisxlm.com\/es\/equipo\/\">profesionales de diversas disciplinas<\/a>, adaptando la composici\u00f3n de los equipos de trabajo en cada situaci\u00f3n.<\/p>\n\n\n\n<div style=\"height:190px\" aria-hidden=\"true\" class=\"wp-block-spacer\"><\/div>\n","protected":false},"excerpt":{"rendered":"<p>Territoris XLM nace en 2013 con la voluntad de crear una nueva plataforma de profesionales\/t\u00e9cnicos preocupados por las necesidades de las ciudades y los territorios contempor\u00e1neos, con el objetivo de aportar con la experiencia adquirida, las soluciones urban\u00edsticas m\u00e1s adecuadas fundamentadas en tres ejes: Territoris XLM es una plataforma que integra transversalmente profesionales de diversas [&hellip;]<\/p>\n","protected":false},"author":4,"featured_media":0,"parent":0,"menu_order":2,"comment_status":"closed","ping_status":"closed","template":"tpl_full-width-narrow.php","meta":{"_acf_changed":false,"_monsterinsights_skip_tracking":false,"_monsterinsights_sitenote_active":false,"_monsterinsights_sitenote_note":"","_monsterinsights_sitenote_category":0,"_genesis_hide_title":false,"_genesis_hide_breadcrumbs":false,"_genesis_hide_singular_image":false,"_genesis_hide_footer_widgets":false,"_genesis_custom_body_class":"hide-header","_genesis_custom_post_class":"","_genesis_layout":"","footnotes":""},"acf":[],"_links":{"self":[{"href":"https:\/\/territorisxlm.com\/es\/wp-json\/wp\/v2\/pages\/1188"}],"collection":[{"href":"https:\/\/territorisxlm.com\/es\/wp-json\/wp\/v2\/pages"}],"about":[{"href":"https:\/\/territorisxlm.com\/es\/wp-json\/wp\/v2\/types\/page"}],"author":[{"embeddable":true,"href":"https:\/\/territorisxlm.com\/es\/wp-json\/wp\/v2\/users\/4"}],"replies":[{"embeddable":true,"href":"https:\/\/territorisxlm.com\/es\/wp-json\/wp\/v2\/comments?post=1188"}],"version-history":[{"count":3,"href":"https:\/\/territorisxlm.com\/es\/wp-json\/wp\/v2\/pages\/1188\/revisions"}],"predecessor-version":[{"id":2588,"href":"https:\/\/territorisxlm.com\/es\/wp-json\/wp\/v2\/pages\/1188\/revisions\/2588"}],"wp:attachment":[{"href":"https:\/\/territorisxlm.com\/es\/wp-json\/wp\/v2\/media?parent=1188"}],"curies":[{"name":"wp","href":"https:\/\/api.w.org\/{rel}","templated":true}]}}