{"id":1192,"date":"2018-04-12T12:06:48","date_gmt":"2018-04-12T10:06:48","guid":{"rendered":"https:\/\/territorisxlm.com\/politica-de-cookies\/"},"modified":"2020-12-04T17:06:44","modified_gmt":"2020-12-04T16:06:44","slug":"politica-de-cookies","status":"publish","type":"page","link":"https:\/\/territorisxlm.com\/es\/politica-de-cookies\/","title":{"rendered":"Pol\u00edtica de cookies"},"content":{"rendered":"\n<h2 class=\"wp-block-heading\">Pol\u00edtica de cookies<\/h2>\n\n\n\n<p>D\u2019acord amb la normativa vigent, Territoris XLM facilita als usuaris informaci\u00f3 relativa a les \u2018cookies\u2019 que utilitza i els motius del seu \u00fas, aix\u00ed com sol\u00b7licita el seu consentiment per poder utilitzar-les.<br>La web de Territoris XLM utilitza \u201ccookies\u201d pr\u00f2pies i de tercers per tal d\u2019oferir una millor experi\u00e8ncia de navegaci\u00f3 i un millor servei. No obstant l\u2019usuari t\u00e9 l\u2019opci\u00f3 d\u2019impedir la generaci\u00f3 de \u2018cookies\u2019 i l\u2019eliminaci\u00f3 de les mateixes mitjan\u00e7ant la selecci\u00f3 de la corresponent opci\u00f3 al seu navegador. En cas de bloquejar l\u2019\u00fas de les \u201ccookies\u201d al seu navegador, \u00e9s possible que alguns serveis o funcionalitats de la p\u00e0gina web no estiguin disponibles.<\/p>\n\n\n\n<h3 class=\"wp-block-heading\">Qu\u00e8 \u00e9s una \u2018cookie\u2019?<\/h3>\n\n\n\n<p>Les \u2018cookies\u2019 constitueixen una eina emprada pels servidors web per emmagatzemar i recuperar informaci\u00f3 relativa als usuaris. S\u00f3n petits arxius de text que les p\u00e0gines web envien al navegador i que s\u2019emmagatzemen al terminal de l\u2019usuari, ja sigui un ordinador, un tel\u00e8fon m\u00f2bil o una tauleta. Aquesta informaci\u00f3 permet recuperar informaci\u00f3 com per exemple el seu usuari registrat, si en disposa, dades de connexi\u00f3 a les xarxes socials o dades de prefer\u00e8ncies de navegaci\u00f3. Aquestes dades s\u00f3n emmagatzemades per a ser recordades quan l\u2019usuari visita de nou la p\u00e0gina.<\/p>\n\n\n\n<h3 class=\"wp-block-heading\">Com s\u2019utilitzen les \u2018cookies\u2019 i quin tipus d\u2019informaci\u00f3 guarden?<\/h3>\n\n\n\n<p>Al navegar per la p\u00e0gina web Territoris XLM, l\u2019usuari est\u00e0 acceptant que es puguin instal.lar \u2018cookies\u2019 al seu terminal que permetin con\u00e8ixer la seg\u00fcent informaci\u00f3:<\/p>\n\n\n\n<ul><li>Informaci\u00f3 estad\u00edstica de l\u2019\u00fas de la web.<\/li><li>L\u2019activitat que ha dut a terme l\u2019usuari al web (p\u00e0gines vistes, cerques, etc.)<\/li><\/ul>\n\n\n\n<p>En cas de bloquejar l\u2019\u00fas de \u2018cookies\u2019 del seu navegador alguns dels serveis de la p\u00e0gina web deixaran d\u2019estar disponibles.<\/p>\n\n\n\n<h3 class=\"wp-block-heading\">Tipus de &#8216;cookies&#8217; utilitzades<\/h3>\n\n\n\n<p>Aquesta web utilitza tant &#8216;cookies&#8217; temporals de sessi\u00f3 que dades \u00fanicament mentre l&#8217;usuari accedeix a la web.<br>Segons la finalitat per a la qual es tractin les dades obtingudes a trav\u00e9s de les &#8216;cookies&#8217;, el web pot utilitzar:<\/p>\n\n\n\n<h4 class=\"wp-block-heading\">Cookies t\u00e8cniques<\/h4>\n\n\n\n<p>S\u00f3n aquelles que permeten a l&#8217;usuari la navegaci\u00f3 a trav\u00e9s de la p\u00e0gina web o aplicaci\u00f3 i la utilitzaci\u00f3 de les diferents opcions o serveis que hi existeixen. Per exemple, controlar el tr\u00e0nsit i la comunicaci\u00f3 de dades, realitzar la sol\u00b7licitud d&#8217;inscripci\u00f3 o participaci\u00f3 en un esdeveniment, utilitzar elements de seguretat durant la navegaci\u00f3 i emmagatzemar continguts per a la difusi\u00f3 de v\u00eddeos o so.<\/p>\n\n\n\n<h4 class=\"wp-block-heading\">Cookies de personalitzaci\u00f3<\/h4>\n\n\n\n<p>S\u00f3n aquelles que permeten a l&#8217;usuari accedir al servei amb algunes caracter\u00edstiques de car\u00e0cter general predefinides al seu terminal o que el mateix usuari defineixi. Per exemple, l&#8217;idioma, el tipus de navegador a trav\u00e9s del qual accedeix al servei, el disseny de continguts seleccionat, geolocalitzaci\u00f3 del terminal i la configuraci\u00f3 regional des d&#8217;on s&#8217;accedeix al servei.<\/p>\n\n\n\n<h4 class=\"wp-block-heading\">Cookies d&#8217;an\u00e0lisi estad\u00edstica<\/h4>\n\n\n\n<p>S\u00f3n aquelles que permeten realitzar el seguiment i l&#8217;an\u00e0lisi del comportament dels usuaris als llocs web. La informaci\u00f3 recollida mitjan\u00e7ant aquest tipus de &#8216;cookies&#8217; s&#8217;utilitza en el mesurament de l&#8217;activitat dels llocs web, l&#8217;aplicaci\u00f3 o la plataforma i per a l&#8217;elaboraci\u00f3 de perfils de navegaci\u00f3 dels usuaris d&#8217;aquests llocs, per introduir millores en el servei en funci\u00f3 de les dades d&#8217;\u00fas que fan els usuaris.<\/p>\n\n\n\n<h4 class=\"wp-block-heading\">Cookies de tercers<\/h4>\n\n\n\n<p>En algunes p\u00e0gines web es poden instal\u00b7lar &#8216;cookies&#8217; de tercers que permeten gestionar i millorar els serveis oferts. Com per exemple, serveis estad\u00edstics de Google Analytics.<\/p>\n\n\n\n<h3 class=\"wp-block-heading\">\u00bfCom es poden administrar &#8216;cookies&#8217; al navegador?<\/h3>\n\n\n\n<p>L&#8217;usuari podr\u00e0 -en qualsevol moment- desactivar les cookies, mitjan\u00e7ant la configuraci\u00f3 de les opcions del navegador instal\u00b7lat en el seu ordinador. Per a m\u00e9s informaci\u00f3 pot accedir als seg\u00fcents enlla\u00e7os:<\/p>\n\n\n\n<ul><li><a href=\"http:\/\/support.mozilla.org\/es\/kb\/habilitar-y-deshabilitar-cookies-que-los-sitios-we\" target=\"_blank\" rel=\"noopener\">Firefox<\/a><\/li><li><a href=\"http:\/\/support.google.com\/chrome\/bin\/answer.py?hl=es&amp;answer=95647\" target=\"_blank\" rel=\"noopener\">Chrome<\/a><\/li><li><a href=\"https:\/\/support.microsoft.com\/es-es\/help\/17442\/windows-internet-explorer-delete-manage-cookies\" target=\"_blank\" rel=\"noopener\">Explorer<\/a><\/li><li><a href=\"https:\/\/privacy.microsoft.com\/es-es\/windows-10-microsoft-edge-and-privacy\" target=\"_blank\" rel=\"noopener\">Edge<\/a><\/li><li><a href=\"https:\/\/support.apple.com\/kb\/ph21411?locale=es_ES\" target=\"_blank\" rel=\"noopener\">Safari<\/a><\/li><\/ul>\n\n\n\n<p>En cas de bloquejar l&#8217;\u00fas de &#8216;cookies&#8217; al vostre navegador \u00e9s possible que alguns serveis o funcionalitats de la p\u00e0gina web no estiguin disponibles.<br>En alguns navegadors es poden configurar regles espec\u00edfiques per administrar &#8216;cookies&#8217; per lloc web, cosa que ofereix un control m\u00e9s prec\u00eds sobre la privacitat. Aix\u00f2 significa que es poden inhabilitar &#8216;cookies&#8217; de tots els llocs tret d&#8217;aquells en qu\u00e8 es confi\u00ef.<\/p>\n\n\n\n<h4 class=\"wp-block-heading\"><\/h4>\n","protected":false},"excerpt":{"rendered":"<p>Pol\u00edtica de cookies D\u2019acord amb la normativa vigent, Territoris XLM facilita als usuaris informaci\u00f3 relativa a les \u2018cookies\u2019 que utilitza i els motius del seu \u00fas, aix\u00ed com sol\u00b7licita el seu consentiment per poder utilitzar-les.La web de Territoris XLM utilitza \u201ccookies\u201d pr\u00f2pies i de tercers per tal d\u2019oferir una millor experi\u00e8ncia de navegaci\u00f3 i un [&hellip;]<\/p>\n","protected":false},"author":4,"featured_media":0,"parent":0,"menu_order":10,"comment_status":"closed","ping_status":"closed","template":"tpl_full-width-narrow.php","meta":{"_acf_changed":false,"_monsterinsights_skip_tracking":false,"_monsterinsights_sitenote_active":false,"_monsterinsights_sitenote_note":"","_monsterinsights_sitenote_category":0,"_genesis_hide_title":false,"_genesis_hide_breadcrumbs":false,"_genesis_hide_singular_image":false,"_genesis_hide_footer_widgets":false,"_genesis_custom_body_class":"","_genesis_custom_post_class":"","_genesis_layout":"","footnotes":""},"acf":[],"_links":{"self":[{"href":"https:\/\/territorisxlm.com\/es\/wp-json\/wp\/v2\/pages\/1192"}],"collection":[{"href":"https:\/\/territorisxlm.com\/es\/wp-json\/wp\/v2\/pages"}],"about":[{"href":"https:\/\/territorisxlm.com\/es\/wp-json\/wp\/v2\/types\/page"}],"author":[{"embeddable":true,"href":"https:\/\/territorisxlm.com\/es\/wp-json\/wp\/v2\/users\/4"}],"replies":[{"embeddable":true,"href":"https:\/\/territorisxlm.com\/es\/wp-json\/wp\/v2\/comments?post=1192"}],"version-history":[{"count":1,"href":"https:\/\/territorisxlm.com\/es\/wp-json\/wp\/v2\/pages\/1192\/revisions"}],"predecessor-version":[{"id":1193,"href":"https:\/\/territorisxlm.com\/es\/wp-json\/wp\/v2\/pages\/1192\/revisions\/1193"}],"wp:attachment":[{"href":"https:\/\/territorisxlm.com\/es\/wp-json\/wp\/v2\/media?parent=1192"}],"curies":[{"name":"wp","href":"https:\/\/api.w.org\/{rel}","templated":true}]}}