{"id":2550,"date":"2025-10-07T13:39:40","date_gmt":"2025-10-07T11:39:40","guid":{"rendered":"https:\/\/territorisxlm.com\/trabaja-con-nosotros\/"},"modified":"2025-10-07T15:22:31","modified_gmt":"2025-10-07T13:22:31","slug":"trabaja-con-nosotros","status":"publish","type":"page","link":"https:\/\/territorisxlm.com\/es\/trabaja-con-nosotros\/","title":{"rendered":"Trabaja con nosotros"},"content":{"rendered":"\n<h2 class=\"wp-block-heading\"><strong>Autocandidatura<\/strong><\/h2>\n\n\n\n<p>Si quieres trabajar con nosotros, cu\u00e9ntanos qui\u00e9n eres y qu\u00e9 inter\u00e9s te mueve, y lo tendremos en consideraci\u00f3n para futuras ocasiones.<\/p>\n\n\n<div class=\"forminator-ui forminator-custom-form forminator-custom-form-2560 forminator-design--material  forminator_ajax\" data-forminator-render=\"0\" data-form=\"forminator-module-2560\" data-uid=\"6a07094388644\"><br\/><\/div><form\n\t\t\t\tid=\"forminator-module-2560\"\n\t\t\t\tclass=\"forminator-ui forminator-custom-form forminator-custom-form-2560 forminator-design--material  forminator_ajax\"\n\t\t\t\tmethod=\"post\"\n\t\t\t\tdata-forminator-render=\"0\"\n\t\t\t\tdata-form-id=\"2560\"\n\t\t\t\tenctype=\"multipart\/form-data\" data-color-option=\"theme\" data-design=\"material\" data-grid=\"open\" style=\"display: none;\"\n\t\t\t\tdata-uid=\"6a07094388644\"\n\t\t\t><div role=\"alert\" aria-live=\"polite\" class=\"forminator-response-message forminator-error\" aria-hidden=\"true\"><\/div><div class=\"forminator-row\"><div id=\"name-1\" class=\"forminator-field-name forminator-col forminator-col-12 \"><div class=\"forminator-row forminator-no-margin\" data-multiple=\"true\"><div class=\"forminator-col forminator-col-md-6\"><div class=\"forminator-field\"><label for=\"forminator-field-first-name-1_6a07094388644\" id=\"forminator-field-first-name-1_6a07094388644-label\" class=\"forminator-label\">Nombre<\/label><input type=\"text\" name=\"name-1-first-name\" placeholder=\"\" id=\"forminator-field-first-name-1_6a07094388644\" class=\"forminator-input\" aria-required=\"false\" data-multi=\"1\" autocomplete=\"given-name\" value=\"\" \/><\/div><\/div><div class=\"forminator-col forminator-col-md-6\"><div class=\"forminator-field\"><label for=\"forminator-field-last-name-1_6a07094388644\" id=\"forminator-field-last-name-1_6a07094388644-label\" class=\"forminator-label\">Apellidos<\/label><input type=\"text\" name=\"name-1-last-name\" placeholder=\"\" id=\"forminator-field-last-name-1_6a07094388644\" class=\"forminator-input\" aria-required=\"false\" data-multi=\"1\" autocomplete=\"family-name\" value=\"\" \/><\/div><\/div><\/div><\/div><\/div><div class=\"forminator-row\"><div id=\"email-1\" class=\"forminator-field-email forminator-col forminator-col-12 \"><div class=\"forminator-field\"><label for=\"forminator-field-email-1_6a07094388644\" id=\"forminator-field-email-1_6a07094388644-label\" class=\"forminator-label\">Email<\/label><input type=\"email\" name=\"email-1\" value=\"\" placeholder=\"\" id=\"forminator-field-email-1_6a07094388644\" class=\"forminator-input forminator-email--field\" data-required=\"\" aria-required=\"false\" autocomplete=\"email\" \/><\/div><\/div><\/div><div class=\"forminator-row\"><div id=\"phone-1\" class=\"forminator-field-phone forminator-col forminator-col-12 \"><div class=\"forminator-field\"><label for=\"forminator-field-phone-1_6a07094388644\" id=\"forminator-field-phone-1_6a07094388644-label\" class=\"forminator-label\">Tel\u00e9fono<\/label><input type=\"text\" name=\"phone-1\" value=\"\" placeholder=\"\" id=\"forminator-field-phone-1_6a07094388644\" class=\"forminator-input forminator-field--phone\" data-required=\"\" aria-required=\"false\" autocomplete=\"off\" \/><\/div><\/div><\/div><div class=\"forminator-row\"><div id=\"text-1\" class=\"forminator-field-text forminator-col forminator-col-12 \"><div class=\"forminator-field\"><label for=\"forminator-field-text-1_6a07094388644\" id=\"forminator-field-text-1_6a07094388644-label\" class=\"forminator-label\">\u00bfQu\u00e9 motivaci\u00f3n tienes?<\/label><input type=\"text\" name=\"text-1\" value=\"\" placeholder=\"\" id=\"forminator-field-text-1_6a07094388644\" class=\"forminator-input forminator-name--field\" data-required=\"\" \/><\/div><\/div><\/div><div class=\"forminator-row\"><div id=\"text-2\" class=\"forminator-field-text forminator-col forminator-col-12 \"><div class=\"forminator-field\"><label for=\"forminator-field-text-2_6a07094388644\" id=\"forminator-field-text-2_6a07094388644-label\" class=\"forminator-label\">\u00bfQu\u00e9 querr\u00edas aportar al equipo?<\/label><input type=\"text\" name=\"text-2\" value=\"\" placeholder=\"\" id=\"forminator-field-text-2_6a07094388644\" class=\"forminator-input forminator-name--field\" data-required=\"\" \/><\/div><\/div><\/div><div class=\"forminator-row\"><div id=\"upload-1\" class=\"forminator-field-upload forminator-col forminator-col-12 \"><div class=\"forminator-field\"><label for=\"forminator-field-upload-1_6a07094388644\" id=\"forminator-field-upload-1_6a07094388644-label\" class=\"forminator-label\">Adjunta tu CV<\/label><div class=\"forminator-file-upload \" data-element=\"upload-1_6a07094388644\"><input type=\"file\" name=\"upload-1\" id=\"forminator-field-upload-1_6a07094388644\" class=\"forminator-input-file\" accept=\".jpg,.jpeg,.jpe,.gif,.png,.bmp,.tiff,.tif,.webp,.ico,.heic,.asf,.asx,.wmv,.wmx,.wm,.avi,.divx,.flv,.mov,.qt,.mpeg,.mpg,.mpe,.mp4,.m4v,.ogv,.webm,.mkv,.3gp,.3gpp,.3g2,.3gp2,.txt,.asc,.c,.cc,.h,.srt,.csv,.tsv,.ics,.rtx,.vtt,.mp3,.m4a,.m4b,.aac,.ra,.ram,.wav,.ogg,.oga,.flac,.mid,.midi,.wma,.wax,.mka,.rtf,.pdf,.class,.tar,.zip,.gz,.gzip,.7z,.psd,.xcf,.doc,.pot,.pps,.ppt,.wri,.xla,.xls,.xlt,.xlw,.mdb,.mpp,.docx,.docm,.dotx,.dotm,.xlsx,.xlsm,.xlsb,.xltx,.xltm,.xlam,.pptx,.pptm,.ppsx,.ppsm,.potx,.potm,.ppam,.sldx,.sldm,.onetoc,.onetoc2,.onetmp,.onepkg,.oxps,.xps,.odt,.odp,.ods,.odg,.odc,.odb,.odf,.wp,.wpd,.key,.numbers,.pages\" tabindex=\"-1\"><button id=\"forminator-field-upload-1_6a07094388644_button\" class=\"forminator-button forminator-button-upload\" data-id=\"forminator-field-upload-1_6a07094388644\">Elegir archivo<\/button><span data-empty-text=\"Ning\u00fan archivo seleccionado\">Ning\u00fan archivo seleccionado<\/span><button class=\"forminator-button-delete\" style=\"display: none;\"><i class=\"forminator-icon-close\" aria-hidden=\"true\"><\/i><span class=\"forminator-screen-reader-only\">Eliminar el archivo subido<\/span><\/button><\/div><\/div><\/div><\/div><div class=\"forminator-row\"><div id=\"checkbox-1\" class=\"forminator-field-checkbox forminator-col forminator-col-12 \"><div role=\"group\" class=\"forminator-field required\" aria-labelledby=\"forminator-checkbox-group-forminator-field-checkbox-1-6a07094388644-label\"><span id=\"forminator-checkbox-group-forminator-field-checkbox-1-6a07094388644-label\" class=\"forminator-label\">Legal <span class=\"forminator-required\">*<\/span><\/span><label id=\"forminator-field-checkbox-1-1-6a07094388644-label\" for=\"forminator-field-checkbox-1-1-6a07094388644\" class=\"forminator-checkbox\" title=\"He leido y acepto la &lt;a href=&quot;\/es\/politica-de-privacidad\/&quot;&gt;pol\u00edtica de privacidad&lt;\/a&gt;\"><input type=\"checkbox\" name=\"checkbox-1[]\" value=\"one\" id=\"forminator-field-checkbox-1-1-6a07094388644\" aria-labelledby=\"forminator-field-checkbox-1-1-6a07094388644-label\" data-calculation=\"0\"   data-hidden-behavior=\"zero\"\/><span class=\"forminator-checkbox-box\" aria-hidden=\"true\"><\/span><span class=\"forminator-checkbox-label\">He leido y acepto la <a href=\"\/es\/politica-de-privacidad\/\">pol\u00edtica de privacidad<\/a><\/span><\/label><\/div><\/div><\/div><input type=\"hidden\" name=\"referer_url\" value=\"\" \/><div class=\"forminator-row forminator-row-last\"><div class=\"forminator-col\"><div class=\"forminator-field\"><button class=\"forminator-button forminator-button-submit\"><span>Enviar<\/span><span aria-hidden=\"true\"><\/span><\/button><\/div><\/div><\/div><input type=\"hidden\" id=\"forminator_nonce\" name=\"forminator_nonce\" value=\"6b7f6e0704\" \/><input type=\"hidden\" name=\"_wp_http_referer\" value=\"\/es\/wp-json\/wp\/v2\/pages\/2550\" \/><input type=\"hidden\" name=\"form_id\" value=\"2560\"><input type=\"hidden\" name=\"page_id\" value=\"2550\"><input type=\"hidden\" name=\"form_type\" value=\"default\"><input type=\"hidden\" name=\"current_url\" value=\"https:\/\/territorisxlm.com\/es\/trabaja-con-nosotros\/\"><input type=\"hidden\" name=\"render_id\" value=\"0\"><input type=\"hidden\" name=\"action\" value=\"forminator_submit_form_custom-forms\"><\/form>\n\n\n\n<p><strong>Qu\u00e9 ofrecemos<\/strong>:<\/p>\n\n\n\n<p>Incorporaci\u00f3n al equipo que formamos las dos socias (arquitecta y ge\u00f3grafa), un equipo multidisciplinar (arquitectos, ge\u00f3grafos, dise\u00f1adores, paisajistas). Trabajamos siempre en equipo y bajo la premisa de escuchar, aprender y mejorar. <em>. (Este texto lo editaremos cada vez que queramos activar una o varias candidaturas)<\/em><\/p>\n\n\n<div class=\"forminator-ui forminator-custom-form forminator-custom-form-2560 forminator-design--material  forminator_ajax\" data-forminator-render=\"1\" data-form=\"forminator-module-2560\" data-uid=\"6a0709438a94c\"><br\/><\/div><form\n\t\t\t\tid=\"forminator-module-2560\"\n\t\t\t\tclass=\"forminator-ui forminator-custom-form forminator-custom-form-2560 forminator-design--material  forminator_ajax\"\n\t\t\t\tmethod=\"post\"\n\t\t\t\tdata-forminator-render=\"1\"\n\t\t\t\tdata-form-id=\"2560\"\n\t\t\t\tenctype=\"multipart\/form-data\" data-color-option=\"theme\" data-design=\"material\" data-grid=\"open\" style=\"display: none;\"\n\t\t\t\tdata-uid=\"6a0709438a94c\"\n\t\t\t><div role=\"alert\" aria-live=\"polite\" class=\"forminator-response-message forminator-error\" aria-hidden=\"true\"><\/div><div class=\"forminator-row\"><div id=\"name-1\" class=\"forminator-field-name forminator-col forminator-col-12 \"><div class=\"forminator-row forminator-no-margin\" data-multiple=\"true\"><div class=\"forminator-col forminator-col-md-6\"><div class=\"forminator-field\"><label for=\"forminator-field-first-name-1_6a0709438a94c\" id=\"forminator-field-first-name-1_6a0709438a94c-label\" class=\"forminator-label\">Nombre<\/label><input type=\"text\" name=\"name-1-first-name\" placeholder=\"\" id=\"forminator-field-first-name-1_6a0709438a94c\" class=\"forminator-input\" aria-required=\"false\" data-multi=\"1\" autocomplete=\"given-name\" value=\"\" \/><\/div><\/div><div class=\"forminator-col forminator-col-md-6\"><div class=\"forminator-field\"><label for=\"forminator-field-last-name-1_6a0709438a94c\" id=\"forminator-field-last-name-1_6a0709438a94c-label\" class=\"forminator-label\">Apellidos<\/label><input type=\"text\" name=\"name-1-last-name\" placeholder=\"\" id=\"forminator-field-last-name-1_6a0709438a94c\" class=\"forminator-input\" aria-required=\"false\" data-multi=\"1\" autocomplete=\"family-name\" value=\"\" \/><\/div><\/div><\/div><\/div><\/div><div class=\"forminator-row\"><div id=\"email-1\" class=\"forminator-field-email forminator-col forminator-col-12 \"><div class=\"forminator-field\"><label for=\"forminator-field-email-1_6a0709438a94c\" id=\"forminator-field-email-1_6a0709438a94c-label\" class=\"forminator-label\">Email<\/label><input type=\"email\" name=\"email-1\" value=\"\" placeholder=\"\" id=\"forminator-field-email-1_6a0709438a94c\" class=\"forminator-input forminator-email--field\" data-required=\"\" aria-required=\"false\" autocomplete=\"email\" \/><\/div><\/div><\/div><div class=\"forminator-row\"><div id=\"phone-1\" class=\"forminator-field-phone forminator-col forminator-col-12 \"><div class=\"forminator-field\"><label for=\"forminator-field-phone-1_6a0709438a94c\" id=\"forminator-field-phone-1_6a0709438a94c-label\" class=\"forminator-label\">Tel\u00e9fono<\/label><input type=\"text\" name=\"phone-1\" value=\"\" placeholder=\"\" id=\"forminator-field-phone-1_6a0709438a94c\" class=\"forminator-input forminator-field--phone\" data-required=\"\" aria-required=\"false\" autocomplete=\"off\" \/><\/div><\/div><\/div><div class=\"forminator-row\"><div id=\"text-1\" class=\"forminator-field-text forminator-col forminator-col-12 \"><div class=\"forminator-field\"><label for=\"forminator-field-text-1_6a0709438a94c\" id=\"forminator-field-text-1_6a0709438a94c-label\" class=\"forminator-label\">\u00bfQu\u00e9 motivaci\u00f3n tienes?<\/label><input type=\"text\" name=\"text-1\" value=\"\" placeholder=\"\" id=\"forminator-field-text-1_6a0709438a94c\" class=\"forminator-input forminator-name--field\" data-required=\"\" \/><\/div><\/div><\/div><div class=\"forminator-row\"><div id=\"text-2\" class=\"forminator-field-text forminator-col forminator-col-12 \"><div class=\"forminator-field\"><label for=\"forminator-field-text-2_6a0709438a94c\" id=\"forminator-field-text-2_6a0709438a94c-label\" class=\"forminator-label\">\u00bfQu\u00e9 querr\u00edas aportar al equipo?<\/label><input type=\"text\" name=\"text-2\" value=\"\" placeholder=\"\" id=\"forminator-field-text-2_6a0709438a94c\" class=\"forminator-input forminator-name--field\" data-required=\"\" \/><\/div><\/div><\/div><div class=\"forminator-row\"><div id=\"upload-1\" class=\"forminator-field-upload forminator-col forminator-col-12 \"><div class=\"forminator-field\"><label for=\"forminator-field-upload-1_6a0709438a94c\" id=\"forminator-field-upload-1_6a0709438a94c-label\" class=\"forminator-label\">Adjunta tu CV<\/label><div class=\"forminator-file-upload \" data-element=\"upload-1_6a0709438a94c\"><input type=\"file\" name=\"upload-1\" id=\"forminator-field-upload-1_6a0709438a94c\" class=\"forminator-input-file\" accept=\".jpg,.jpeg,.jpe,.gif,.png,.bmp,.tiff,.tif,.webp,.ico,.heic,.asf,.asx,.wmv,.wmx,.wm,.avi,.divx,.flv,.mov,.qt,.mpeg,.mpg,.mpe,.mp4,.m4v,.ogv,.webm,.mkv,.3gp,.3gpp,.3g2,.3gp2,.txt,.asc,.c,.cc,.h,.srt,.csv,.tsv,.ics,.rtx,.vtt,.mp3,.m4a,.m4b,.aac,.ra,.ram,.wav,.ogg,.oga,.flac,.mid,.midi,.wma,.wax,.mka,.rtf,.pdf,.class,.tar,.zip,.gz,.gzip,.7z,.psd,.xcf,.doc,.pot,.pps,.ppt,.wri,.xla,.xls,.xlt,.xlw,.mdb,.mpp,.docx,.docm,.dotx,.dotm,.xlsx,.xlsm,.xlsb,.xltx,.xltm,.xlam,.pptx,.pptm,.ppsx,.ppsm,.potx,.potm,.ppam,.sldx,.sldm,.onetoc,.onetoc2,.onetmp,.onepkg,.oxps,.xps,.odt,.odp,.ods,.odg,.odc,.odb,.odf,.wp,.wpd,.key,.numbers,.pages\" tabindex=\"-1\"><button id=\"forminator-field-upload-1_6a0709438a94c_button\" class=\"forminator-button forminator-button-upload\" data-id=\"forminator-field-upload-1_6a0709438a94c\">Elegir archivo<\/button><span data-empty-text=\"Ning\u00fan archivo seleccionado\">Ning\u00fan archivo seleccionado<\/span><button class=\"forminator-button-delete\" style=\"display: none;\"><i class=\"forminator-icon-close\" aria-hidden=\"true\"><\/i><span class=\"forminator-screen-reader-only\">Eliminar el archivo subido<\/span><\/button><\/div><\/div><\/div><\/div><div class=\"forminator-row\"><div id=\"checkbox-1\" class=\"forminator-field-checkbox forminator-col forminator-col-12 \"><div role=\"group\" class=\"forminator-field required\" aria-labelledby=\"forminator-checkbox-group-forminator-field-checkbox-1-6a0709438a94c-label\"><span id=\"forminator-checkbox-group-forminator-field-checkbox-1-6a0709438a94c-label\" class=\"forminator-label\">Legal <span class=\"forminator-required\">*<\/span><\/span><label id=\"forminator-field-checkbox-1-1-6a0709438a94c-label\" for=\"forminator-field-checkbox-1-1-6a0709438a94c\" class=\"forminator-checkbox\" title=\"He leido y acepto la &lt;a href=&quot;\/es\/politica-de-privacidad\/&quot;&gt;pol\u00edtica de privacidad&lt;\/a&gt;\"><input type=\"checkbox\" name=\"checkbox-1[]\" value=\"one\" id=\"forminator-field-checkbox-1-1-6a0709438a94c\" aria-labelledby=\"forminator-field-checkbox-1-1-6a0709438a94c-label\" data-calculation=\"0\"   data-hidden-behavior=\"zero\"\/><span class=\"forminator-checkbox-box\" aria-hidden=\"true\"><\/span><span class=\"forminator-checkbox-label\">He leido y acepto la <a href=\"\/es\/politica-de-privacidad\/\">pol\u00edtica de privacidad<\/a><\/span><\/label><\/div><\/div><\/div><input type=\"hidden\" name=\"referer_url\" value=\"\" \/><div class=\"forminator-row forminator-row-last\"><div class=\"forminator-col\"><div class=\"forminator-field\"><button class=\"forminator-button forminator-button-submit\"><span>Enviar<\/span><span aria-hidden=\"true\"><\/span><\/button><\/div><\/div><\/div><input type=\"hidden\" id=\"forminator_nonce\" name=\"forminator_nonce\" value=\"6b7f6e0704\" \/><input type=\"hidden\" name=\"_wp_http_referer\" value=\"\/es\/wp-json\/wp\/v2\/pages\/2550\" \/><input type=\"hidden\" name=\"form_id\" value=\"2560\"><input type=\"hidden\" name=\"page_id\" value=\"2550\"><input type=\"hidden\" name=\"form_type\" value=\"default\"><input type=\"hidden\" name=\"current_url\" value=\"https:\/\/territorisxlm.com\/es\/trabaja-con-nosotros\/\"><input type=\"hidden\" name=\"render_id\" value=\"1\"><input type=\"hidden\" name=\"action\" value=\"forminator_submit_form_custom-forms\"><\/form>\n","protected":false},"excerpt":{"rendered":"<p>Autocandidatura Si quieres trabajar con nosotros, cu\u00e9ntanos qui\u00e9n eres y qu\u00e9 inter\u00e9s te mueve, y lo tendremos en consideraci\u00f3n para futuras ocasiones. Qu\u00e9 ofrecemos: Incorporaci\u00f3n al equipo que formamos las dos socias (arquitecta y ge\u00f3grafa), un equipo multidisciplinar (arquitectos, ge\u00f3grafos, dise\u00f1adores, paisajistas). Trabajamos siempre en equipo y bajo la premisa de escuchar, aprender y mejorar. [&hellip;]<\/p>\n","protected":false},"author":3,"featured_media":0,"parent":0,"menu_order":0,"comment_status":"closed","ping_status":"closed","template":"tpl_full-width-narrow.php","meta":{"_acf_changed":false,"_monsterinsights_skip_tracking":false,"_monsterinsights_sitenote_active":false,"_monsterinsights_sitenote_note":"","_monsterinsights_sitenote_category":0,"_genesis_hide_title":false,"_genesis_hide_breadcrumbs":false,"_genesis_hide_singular_image":false,"_genesis_hide_footer_widgets":false,"_genesis_custom_body_class":"","_genesis_custom_post_class":"","_genesis_layout":"","footnotes":""},"acf":[],"_links":{"self":[{"href":"https:\/\/territorisxlm.com\/es\/wp-json\/wp\/v2\/pages\/2550"}],"collection":[{"href":"https:\/\/territorisxlm.com\/es\/wp-json\/wp\/v2\/pages"}],"about":[{"href":"https:\/\/territorisxlm.com\/es\/wp-json\/wp\/v2\/types\/page"}],"author":[{"embeddable":true,"href":"https:\/\/territorisxlm.com\/es\/wp-json\/wp\/v2\/users\/3"}],"replies":[{"embeddable":true,"href":"https:\/\/territorisxlm.com\/es\/wp-json\/wp\/v2\/comments?post=2550"}],"version-history":[{"count":2,"href":"https:\/\/territorisxlm.com\/es\/wp-json\/wp\/v2\/pages\/2550\/revisions"}],"predecessor-version":[{"id":2571,"href":"https:\/\/territorisxlm.com\/es\/wp-json\/wp\/v2\/pages\/2550\/revisions\/2571"}],"wp:attachment":[{"href":"https:\/\/territorisxlm.com\/es\/wp-json\/wp\/v2\/media?parent=2550"}],"curies":[{"name":"wp","href":"https:\/\/api.w.org\/{rel}","templated":true}]}}