{"id":2637,"date":"2025-10-08T08:57:39","date_gmt":"2025-10-08T06:57:39","guid":{"rendered":"https:\/\/territorisxlm.com\/contacto\/"},"modified":"2025-10-08T10:49:00","modified_gmt":"2025-10-08T08:49:00","slug":"contacto","status":"publish","type":"page","link":"https:\/\/territorisxlm.com\/es\/contacto\/","title":{"rendered":"Contacto"},"content":{"rendered":"\n<div class=\"contacto\">\n<div class=\"col_1\">\n<a href=\"https:\/\/share.google\/mM1EseX3WrxlJMn17\" target=\"_blank\" rel=\"noopener\">\n  <strong>Direcci\u00f3n<\/strong>\n  <br\/>Carrer de Vallirana, 30, Sarri\u00e0-Sant Gervasi, 08006 Barcelona\n  \n\n  <\/a><a href=\"tel:667459457\">\n    <strong>Tel\u00e9fono<\/strong>\n    <br\/>667 45 94 57\n    \n\n    <\/a><a href=\"mailto:territorisxlm@territorisxlm.com\">\n      <strong>Email<\/strong>\n      <br\/>territorisxlm@territorisxlm.com\n    <\/a>\n  \n\n<\/div>\n<div class=\"col_2\">\n<iframe src=\"https:\/\/www.google.com\/maps\/embed?pb=!1m18!1m12!1m3!1d2993.29659154844!2d2.1485991999999965!3d41.40371089999999!2m3!1f0!2f0!3f0!3m2!1i1024!2i768!4f13.1!3m3!1m2!1s0x12a4a303847d6add%3A0xd869d2e1d6f7ea90!2sterritoris%20xlm!5e0!3m2!1ses!2ses!4v1759903810755!5m2!1ses!2ses\" style=\"border:0;\" allowfullscreen=\"\" loading=\"lazy\" referrerpolicy=\"no-referrer-when-downgrade\"><\/iframe>\n<\/div>\n<\/div>\n\n\n\n<div class=\"forminator-guttenberg\"><div class=\"forminator-ui forminator-custom-form forminator-custom-form-2583 forminator-design--material  forminator_ajax\" data-forminator-render=\"0\" data-form=\"forminator-module-2583\" data-uid=\"6a06f950b1caa\"><br\/><\/div><form\n\t\t\t\tid=\"forminator-module-2583\"\n\t\t\t\tclass=\"forminator-ui forminator-custom-form forminator-custom-form-2583 forminator-design--material  forminator_ajax\"\n\t\t\t\tmethod=\"post\"\n\t\t\t\tdata-forminator-render=\"0\"\n\t\t\t\tdata-form-id=\"2583\"\n\t\t\t\t data-color-option=\"theme\" data-design=\"material\" data-grid=\"open\" style=\"display: none;\"\n\t\t\t\tdata-uid=\"6a06f950b1caa\"\n\t\t\t><div role=\"alert\" aria-live=\"polite\" class=\"forminator-response-message forminator-error\" aria-hidden=\"true\"><\/div><div class=\"forminator-row\"><div id=\"name-1\" class=\"forminator-field-name forminator-col forminator-col-12 \"><div class=\"forminator-field\"><label for=\"forminator-field-name-1_6a06f950b1caa\" id=\"forminator-field-name-1_6a06f950b1caa-label\" class=\"forminator-label\">Nombre y apellidos<\/label><input type=\"text\" name=\"name-1\" value=\"\" placeholder=\"\" id=\"forminator-field-name-1_6a06f950b1caa\" class=\"forminator-input forminator-name--field\" aria-required=\"false\" autocomplete=\"name\" \/><\/div><\/div><\/div><div class=\"forminator-row\"><div id=\"email-1\" class=\"forminator-field-email forminator-col forminator-col-12 \"><div class=\"forminator-field\"><label for=\"forminator-field-email-1_6a06f950b1caa\" id=\"forminator-field-email-1_6a06f950b1caa-label\" class=\"forminator-label\">Email<\/label><input type=\"email\" name=\"email-1\" value=\"\" placeholder=\"\" id=\"forminator-field-email-1_6a06f950b1caa\" class=\"forminator-input forminator-email--field\" data-required=\"\" aria-required=\"false\" autocomplete=\"email\" \/><\/div><\/div><\/div><div class=\"forminator-row\"><div id=\"textarea-1\" class=\"forminator-field-textarea forminator-col forminator-col-12 \"><div class=\"forminator-field\"><label for=\"forminator-field-textarea-1_6a06f950b1caa\" id=\"forminator-field-textarea-1_6a06f950b1caa-label\" class=\"forminator-label\">Comentarios<\/label><textarea name=\"textarea-1\" placeholder=\"\" id=\"forminator-field-textarea-1_6a06f950b1caa\" class=\"forminator-textarea\" rows=\"6\" style=\"min-height:140px;\" ><\/textarea><\/div><\/div><\/div><div class=\"forminator-row\"><div id=\"checkbox-1\" class=\"forminator-field-checkbox forminator-col forminator-col-12 \"><div role=\"group\" class=\"forminator-field required\" aria-labelledby=\"forminator-checkbox-group-forminator-field-checkbox-1-6a06f950b1caa-label\"><span id=\"forminator-checkbox-group-forminator-field-checkbox-1-6a06f950b1caa-label\" class=\"forminator-label\">Legal <span class=\"forminator-required\">*<\/span><\/span><label id=\"forminator-field-checkbox-1-1-6a06f950b1caa-label\" for=\"forminator-field-checkbox-1-1-6a06f950b1caa\" class=\"forminator-checkbox\" title=\"He leido y acepto la &lt;a href=&quot;\/es\/politica-de-privacidad\/&quot;&gt;pol\u00edtica de privacidad&lt;\/a&gt;\"><input type=\"checkbox\" name=\"checkbox-1[]\" value=\"one\" id=\"forminator-field-checkbox-1-1-6a06f950b1caa\" aria-labelledby=\"forminator-field-checkbox-1-1-6a06f950b1caa-label\" data-calculation=\"0\"   data-hidden-behavior=\"zero\"\/><span class=\"forminator-checkbox-box\" aria-hidden=\"true\"><\/span><span class=\"forminator-checkbox-label\">He leido y acepto la <a href=\"\/es\/politica-de-privacidad\/\">pol\u00edtica de privacidad<\/a><\/span><\/label><\/div><\/div><\/div><input type=\"hidden\" name=\"referer_url\" value=\"\" \/><div class=\"forminator-row forminator-row-last\"><div class=\"forminator-col\"><div class=\"forminator-field\"><button class=\"forminator-button forminator-button-submit\"><span>Enviar<\/span><span aria-hidden=\"true\"><\/span><\/button><\/div><\/div><\/div><input type=\"hidden\" id=\"forminator_nonce\" name=\"forminator_nonce\" value=\"f08ac7486a\" \/><input type=\"hidden\" name=\"_wp_http_referer\" value=\"\/es\/wp-json\/wp\/v2\/pages\/2637\" \/><input type=\"hidden\" name=\"form_id\" value=\"2583\"><input type=\"hidden\" name=\"page_id\" value=\"2637\"><input type=\"hidden\" name=\"form_type\" value=\"default\"><input type=\"hidden\" name=\"current_url\" value=\"https:\/\/territorisxlm.com\/es\/contacto\/\"><input type=\"hidden\" name=\"render_id\" value=\"0\"><input type=\"hidden\" name=\"action\" value=\"forminator_submit_form_custom-forms\"><\/form><\/div>\n","protected":false},"excerpt":{"rendered":"<p>Direcci\u00f3n Carrer de Vallirana, 30, Sarri\u00e0-Sant Gervasi, 08006 Barcelona Tel\u00e9fono 667 45 94 57 Email territorisxlm@territorisxlm.com<\/p>\n","protected":false},"author":3,"featured_media":0,"parent":0,"menu_order":0,"comment_status":"closed","ping_status":"closed","template":"tpl_full-width-narrow.php","meta":{"_acf_changed":false,"_monsterinsights_skip_tracking":false,"_monsterinsights_sitenote_active":false,"_monsterinsights_sitenote_note":"","_monsterinsights_sitenote_category":0,"_genesis_hide_title":false,"_genesis_hide_breadcrumbs":false,"_genesis_hide_singular_image":false,"_genesis_hide_footer_widgets":false,"_genesis_custom_body_class":"","_genesis_custom_post_class":"","_genesis_layout":"","footnotes":""},"acf":[],"_links":{"self":[{"href":"https:\/\/territorisxlm.com\/es\/wp-json\/wp\/v2\/pages\/2637"}],"collection":[{"href":"https:\/\/territorisxlm.com\/es\/wp-json\/wp\/v2\/pages"}],"about":[{"href":"https:\/\/territorisxlm.com\/es\/wp-json\/wp\/v2\/types\/page"}],"author":[{"embeddable":true,"href":"https:\/\/territorisxlm.com\/es\/wp-json\/wp\/v2\/users\/3"}],"replies":[{"embeddable":true,"href":"https:\/\/territorisxlm.com\/es\/wp-json\/wp\/v2\/comments?post=2637"}],"version-history":[{"count":3,"href":"https:\/\/territorisxlm.com\/es\/wp-json\/wp\/v2\/pages\/2637\/revisions"}],"predecessor-version":[{"id":2658,"href":"https:\/\/territorisxlm.com\/es\/wp-json\/wp\/v2\/pages\/2637\/revisions\/2658"}],"wp:attachment":[{"href":"https:\/\/territorisxlm.com\/es\/wp-json\/wp\/v2\/media?parent=2637"}],"curies":[{"name":"wp","href":"https:\/\/api.w.org\/{rel}","templated":true}]}}